{"id":10129,"date":"2023-10-21T11:12:32","date_gmt":"2023-10-21T11:12:32","guid":{"rendered":"https:\/\/betoon.org\/home\/"},"modified":"2023-11-06T11:32:36","modified_gmt":"2023-11-06T11:32:36","slug":"avaleht","status":"publish","type":"page","link":"https:\/\/betoon.org\/en\/avaleht\/","title":{"rendered":"Home"},"content":{"rendered":"\n<h2 class=\"wp-block-heading\">\u00dchingust<\/h2>\n\n\n\n<p>EN Betooni\u00fchingu p\u00f5hieesm\u00e4rgiks on betooni kui materjali maine t\u00f5stmine avalikkuse silmis, betooni kui ehitusmaterjali k\u00f5ige mitmekesisemate kasutusv\u00f5imaluste laialdane propageerimine ning tutvustamine.<\/p>\n\n\n\n<h4 class=\"wp-block-heading\">Eesm\u00e4rgid<\/h4>\n\n\n\n<ul class=\"wp-block-list\">\n<li>Betooni kui ehitusmaterjali turuosa kasv soodsamate ja funktsionaalsemate lahenduste leidmise ning hea kvaliteedi saavutamise kaudu.<\/li>\n\n\n\n<li>Betooni ja betoonkonstruktsioonide alase teabe levitamine ja arendust\u00f6\u00f6 toetamine.<\/li>\n\n\n\n<li>Raudbetoonkonstruktsioonide ja raudbetooni komponentmaterjalide uurimisega, projekteerimise ja tootmise-ehitamisega seotud spetsalistide professionaalsuse t\u00f5stmine.<\/li>\n<\/ul>\n","protected":false},"excerpt":{"rendered":"<p>\u00dchingust EN Betooni\u00fchingu p\u00f5hieesm\u00e4rgiks on betooni kui materjali maine t\u00f5stmine avalikkuse silmis, betooni kui ehitusmaterjali k\u00f5ige mitmekesisemate kasutusv\u00f5imaluste laialdane propageerimine [&hellip;]<\/p>\n","protected":false},"author":1,"featured_media":7375,"parent":0,"menu_order":0,"comment_status":"closed","ping_status":"closed","template":"template-frontpage.php","meta":{"footnotes":""},"class_list":["post-10129","page","type-page","status-publish","has-post-thumbnail","hentry"],"acf":[],"yoast_head":"<!-- This site is optimized with the Yoast SEO plugin v21.9 - https:\/\/yoast.com\/wordpress\/plugins\/seo\/ -->\n<title>Home - Eesti Betooni\u00fching<\/title>\n<meta name=\"robots\" content=\"index, follow, max-snippet:-1, max-image-preview:large, max-video-preview:-1\" \/>\n<link rel=\"canonical\" href=\"https:\/\/betoon.org\/en\/\" \/>\n<meta property=\"og:locale\" content=\"en_US\" \/>\n<meta property=\"og:type\" content=\"article\" \/>\n<meta property=\"og:title\" content=\"Home - Eesti Betooni\u00fching\" \/>\n<meta property=\"og:description\" content=\"\u00dchingust EN Betooni\u00fchingu p\u00f5hieesm\u00e4rgiks on betooni kui materjali maine t\u00f5stmine avalikkuse silmis, betooni kui ehitusmaterjali k\u00f5ige mitmekesisemate kasutusv\u00f5imaluste laialdane propageerimine [&hellip;]\" \/>\n<meta property=\"og:url\" content=\"https:\/\/betoon.org\/en\/\" \/>\n<meta property=\"og:site_name\" content=\"Eesti Betooni\u00fching\" \/>\n<meta property=\"article:publisher\" content=\"https:\/\/www.facebook.com\/betoon.org\/\" \/>\n<meta property=\"article:modified_time\" content=\"2023-11-06T11:32:36+00:00\" \/>\n<meta property=\"og:image\" content=\"https:\/\/betoon.org\/wp-content\/uploads\/2023\/10\/homepage-main-image.jpg\" \/>\n\t<meta property=\"og:image:width\" content=\"622\" \/>\n\t<meta property=\"og:image:height\" content=\"780\" \/>\n\t<meta property=\"og:image:type\" content=\"image\/jpeg\" \/>\n<meta name=\"twitter:card\" content=\"summary_large_image\" \/>\n<meta name=\"twitter:label1\" content=\"Est. reading time\" \/>\n\t<meta name=\"twitter:data1\" content=\"1 minute\" \/>\n<script type=\"application\/ld+json\" class=\"yoast-schema-graph\">{\"@context\":\"https:\/\/schema.org\",\"@graph\":[{\"@type\":\"WebPage\",\"@id\":\"https:\/\/betoon.org\/en\/\",\"url\":\"https:\/\/betoon.org\/en\/\",\"name\":\"Home - Eesti Betooni\u00fching\",\"isPartOf\":{\"@id\":\"https:\/\/betoon.org\/#website\"},\"datePublished\":\"2023-10-21T11:12:32+00:00\",\"dateModified\":\"2023-11-06T11:32:36+00:00\",\"breadcrumb\":{\"@id\":\"https:\/\/betoon.org\/en\/#breadcrumb\"},\"inLanguage\":\"en-US\",\"potentialAction\":[{\"@type\":\"ReadAction\",\"target\":[\"https:\/\/betoon.org\/en\/\"]}]},{\"@type\":\"BreadcrumbList\",\"@id\":\"https:\/\/betoon.org\/en\/#breadcrumb\",\"itemListElement\":[{\"@type\":\"ListItem\",\"position\":1,\"name\":\"Home\",\"item\":\"https:\/\/betoon.org\/en\/\"},{\"@type\":\"ListItem\",\"position\":2,\"name\":\"Home\"}]},{\"@type\":\"WebSite\",\"@id\":\"https:\/\/betoon.org\/#website\",\"url\":\"https:\/\/betoon.org\/\",\"name\":\"Eesti Betooni\u00fching\",\"description\":\"\",\"publisher\":{\"@id\":\"https:\/\/betoon.org\/#organization\"},\"potentialAction\":[{\"@type\":\"SearchAction\",\"target\":{\"@type\":\"EntryPoint\",\"urlTemplate\":\"https:\/\/betoon.org\/?s={search_term_string}\"},\"query-input\":\"required name=search_term_string\"}],\"inLanguage\":\"en-US\"},{\"@type\":\"Organization\",\"@id\":\"https:\/\/betoon.org\/#organization\",\"name\":\"Eesti Betooni\u00fching\",\"url\":\"https:\/\/betoon.org\/\",\"logo\":{\"@type\":\"ImageObject\",\"inLanguage\":\"en-US\",\"@id\":\"https:\/\/betoon.org\/#\/schema\/logo\/image\/\",\"url\":\"https:\/\/betoon.org\/wp-content\/uploads\/2023\/10\/bu_logo.gif\",\"contentUrl\":\"https:\/\/betoon.org\/wp-content\/uploads\/2023\/10\/bu_logo.gif\",\"width\":323,\"height\":77,\"caption\":\"Eesti Betooni\u00fching\"},\"image\":{\"@id\":\"https:\/\/betoon.org\/#\/schema\/logo\/image\/\"},\"sameAs\":[\"https:\/\/www.facebook.com\/betoon.org\/\"]}]}<\/script>\n<!-- \/ Yoast SEO plugin. -->","yoast_head_json":{"title":"Home - Eesti Betooni\u00fching","robots":{"index":"index","follow":"follow","max-snippet":"max-snippet:-1","max-image-preview":"max-image-preview:large","max-video-preview":"max-video-preview:-1"},"canonical":"https:\/\/betoon.org\/en\/","og_locale":"en_US","og_type":"article","og_title":"Home - Eesti Betooni\u00fching","og_description":"\u00dchingust EN Betooni\u00fchingu p\u00f5hieesm\u00e4rgiks on betooni kui materjali maine t\u00f5stmine avalikkuse silmis, betooni kui ehitusmaterjali k\u00f5ige mitmekesisemate kasutusv\u00f5imaluste laialdane propageerimine [&hellip;]","og_url":"https:\/\/betoon.org\/en\/","og_site_name":"Eesti Betooni\u00fching","article_publisher":"https:\/\/www.facebook.com\/betoon.org\/","article_modified_time":"2023-11-06T11:32:36+00:00","og_image":[{"width":622,"height":780,"url":"https:\/\/betoon.org\/wp-content\/uploads\/2023\/10\/homepage-main-image.jpg","type":"image\/jpeg"}],"twitter_card":"summary_large_image","twitter_misc":{"Est. reading time":"1 minute"},"schema":{"@context":"https:\/\/schema.org","@graph":[{"@type":"WebPage","@id":"https:\/\/betoon.org\/en\/","url":"https:\/\/betoon.org\/en\/","name":"Home - Eesti Betooni\u00fching","isPartOf":{"@id":"https:\/\/betoon.org\/#website"},"datePublished":"2023-10-21T11:12:32+00:00","dateModified":"2023-11-06T11:32:36+00:00","breadcrumb":{"@id":"https:\/\/betoon.org\/en\/#breadcrumb"},"inLanguage":"en-US","potentialAction":[{"@type":"ReadAction","target":["https:\/\/betoon.org\/en\/"]}]},{"@type":"BreadcrumbList","@id":"https:\/\/betoon.org\/en\/#breadcrumb","itemListElement":[{"@type":"ListItem","position":1,"name":"Home","item":"https:\/\/betoon.org\/en\/"},{"@type":"ListItem","position":2,"name":"Home"}]},{"@type":"WebSite","@id":"https:\/\/betoon.org\/#website","url":"https:\/\/betoon.org\/","name":"Eesti Betooni\u00fching","description":"","publisher":{"@id":"https:\/\/betoon.org\/#organization"},"potentialAction":[{"@type":"SearchAction","target":{"@type":"EntryPoint","urlTemplate":"https:\/\/betoon.org\/?s={search_term_string}"},"query-input":"required name=search_term_string"}],"inLanguage":"en-US"},{"@type":"Organization","@id":"https:\/\/betoon.org\/#organization","name":"Eesti Betooni\u00fching","url":"https:\/\/betoon.org\/","logo":{"@type":"ImageObject","inLanguage":"en-US","@id":"https:\/\/betoon.org\/#\/schema\/logo\/image\/","url":"https:\/\/betoon.org\/wp-content\/uploads\/2023\/10\/bu_logo.gif","contentUrl":"https:\/\/betoon.org\/wp-content\/uploads\/2023\/10\/bu_logo.gif","width":323,"height":77,"caption":"Eesti Betooni\u00fching"},"image":{"@id":"https:\/\/betoon.org\/#\/schema\/logo\/image\/"},"sameAs":["https:\/\/www.facebook.com\/betoon.org\/"]}]}},"_links":{"self":[{"href":"https:\/\/betoon.org\/en\/wp-json\/wp\/v2\/pages\/10129","targetHints":{"allow":["GET"]}}],"collection":[{"href":"https:\/\/betoon.org\/en\/wp-json\/wp\/v2\/pages"}],"about":[{"href":"https:\/\/betoon.org\/en\/wp-json\/wp\/v2\/types\/page"}],"author":[{"embeddable":true,"href":"https:\/\/betoon.org\/en\/wp-json\/wp\/v2\/users\/1"}],"replies":[{"embeddable":true,"href":"https:\/\/betoon.org\/en\/wp-json\/wp\/v2\/comments?post=10129"}],"version-history":[{"count":5,"href":"https:\/\/betoon.org\/en\/wp-json\/wp\/v2\/pages\/10129\/revisions"}],"predecessor-version":[{"id":10135,"href":"https:\/\/betoon.org\/en\/wp-json\/wp\/v2\/pages\/10129\/revisions\/10135"}],"wp:featuredmedia":[{"embeddable":true,"href":"https:\/\/betoon.org\/en\/wp-json\/wp\/v2\/media\/7375"}],"wp:attachment":[{"href":"https:\/\/betoon.org\/en\/wp-json\/wp\/v2\/media?parent=10129"}],"curies":[{"name":"wp","href":"https:\/\/api.w.org\/{rel}","templated":true}]}}