{"id":10559,"date":"2023-12-18T00:46:34","date_gmt":"2023-12-18T00:46:34","guid":{"rendered":"https:\/\/betoon.org\/?page_id=10559"},"modified":"2024-09-30T10:05:47","modified_gmt":"2024-09-30T10:05:47","slug":"history","status":"publish","type":"page","link":"https:\/\/betoon.org\/en\/aasta-betoonehitis\/history\/","title":{"rendered":"History"},"content":{"rendered":"\n<ul class=\"wp-block-list\">\n<li>The Concrete Building of the Year 2023 is\u00a0<strong>the private residence of Purje Street at Pirita<\/strong>. The main prize, architecture \u2013\u00a0<strong>\u00d6\u00d6-\u00d6\u00d6 Arhitektid O\u00dc: \u00dclo-Tarmo St\u00f6\u00f6r, Lembit-Kaur St\u00f6\u00f6r, Silver Liiberg<\/strong>.\u00a0<\/li>\n\n\n\n<li>The Concrete Building of the Year 2022 is&nbsp;<strong>J\u00e4rve Towers<\/strong>. The main prize, architecture \u2013&nbsp;<strong>Arhitekt Martin Aunin: Martin Aunin, Marti Kahu, Margid Saar, Martin Melioranski<\/strong>.&nbsp;<\/li>\n\n\n\n<li>The Concrete Building of the Year 2021 is&nbsp;<strong>Port of Tallinn Cruise Terminal<\/strong>. The main prize, architecture \u2013&nbsp;<strong>Salto AB O\u00dc (Maarja Kask, Ralf L\u00f5oke, Ragnar P\u00f5llukivi, Marja Viltrop, Margus Tamm) and Stuudio Tallinn O\u00dc (Villem Tomiste)<\/strong>.<\/li>\n\n\n\n<li>The Concrete Building of the Year 2020 is&nbsp;<strong>Laaneotsa private house<\/strong>&nbsp;in Harjumaa. The main prize, architecture \u2013&nbsp;<strong>Joel Kopli<\/strong>&nbsp;(KUU Arhitektid).<\/li>\n\n\n\n<li>The Concrete Building of the Year 2019 is&nbsp;<strong>the building of the Estonian Academy of Security Services<\/strong>. The main prize, architecture \u2013&nbsp;<strong>Arhitekt11 O\u00dc<\/strong>.<\/li>\n\n\n\n<li>The Concrete Building of the Year 2018 is&nbsp;<strong>the building of the Estonian Academy of Arts<\/strong>.&nbsp;The main prize, architecture \u2013&nbsp;<strong>KUU Arhitektid: Joel Kopli, Koit Ojaliiv, Juhan&nbsp;Rohtla and Eik Hermann<\/strong>.<\/li>\n\n\n\n<li>The Concrete Building of the Year 2017 is&nbsp;<strong>a private residence in Viimsi<\/strong>. Grand Prix \u2013 client&nbsp;<strong>Mait R\u00f5\u00f5musaar<\/strong>.<\/li>\n\n\n\n<li>The Concrete Building of the Year 2016 \u2013&nbsp;<strong>Eesti Rahva Muuseum<\/strong>. Grand Prix \u2013&nbsp;<strong>DGT Architects (Dan Dorell, Lina Ghotmeh, Tsuyoshi Tane).<\/strong><\/li>\n\n\n\n<li>The Concrete Building of the Year 2015 &nbsp;<strong>\u2013 Ihaste Bridge&nbsp;<\/strong>in Tartu. Grand Prix \u2013<strong>Ehituse ja Tarkvara Insenerib\u00fcroo O\u00dc&nbsp;<\/strong>(Juhan Idnurm ja Siim Idnurm).<\/li>\n\n\n\n<li>The Concrete Building of the Year 2014&nbsp;<strong>\u2013 Tondiraba Ice Hall<\/strong>. Grand Prix \u2013&nbsp;<strong>Kadarik T\u00fc\u00fcr Arhitektid O\u00dc<\/strong>.<\/li>\n\n\n\n<li>The Concrete Building of the Year 2013 \u2013&nbsp;<strong>the reconstruction works of \u00dclemiste junction.&nbsp;<\/strong>Grand Prix \u2013&nbsp;<strong>AS K-Projekt&nbsp;<\/strong>(head designer).<\/li>\n\n\n\n<li>The Concrete Building of the Year 2012 \u2013&nbsp;<strong>the reconstruction of concrete structures of Tallinn Seaplane Harbour.&nbsp;&nbsp;<\/strong>Grand Prix \u2013 constructors&nbsp;<strong>Karl \u00d5iger&nbsp;<\/strong>and&nbsp;<strong>Heiki Onton<\/strong>.<\/li>\n\n\n\n<li>The Concrete Building of the Year 2011 \u2013&nbsp;<strong>musical scale Cromatico<\/strong>. Grand Prix \u2013&nbsp;<strong>sculptor&nbsp;<\/strong><strong>Lukas K\u00fchne<\/strong>.<\/li>\n\n\n\n<li>The Concrete Building of the Year 2010 \u2013&nbsp;<strong>villa in Pirita<\/strong>. Grand Prix \u2013&nbsp;<strong>architect&nbsp;<\/strong><strong>Andres Lember<\/strong>, Male Maja O\u00dc.<\/li>\n\n\n\n<li>The Concrete Building of the Year 2009 \u2013&nbsp;<strong>Tallink office building<\/strong>. Grand Prix \u2013&nbsp;<strong>architect&nbsp;<\/strong><strong>Meelis Press<\/strong>.<\/li>\n\n\n\n<li>The Concrete Building of the Year 2008 \u2013&nbsp;<strong>the expansion of Tallinn Airport<\/strong>. Grand Prix \u2013&nbsp;<strong>architect Jean-Marie Bonnard<\/strong>, Sofreavia SA.<\/li>\n\n\n\n<li>The Concrete Building of the Year 2007 \u2013&nbsp;<strong>arch bridge of Puurmani<\/strong>. Grand Prix \u2013&nbsp;<strong>engineers Siim Idnurm, Juhan Idnurm<\/strong>.<\/li>\n\n\n\n<li>The Concrete Building of the Year 2006 \u2013&nbsp;<strong>office building for&nbsp;<\/strong><strong>Luku-Expert<\/strong>. Grand Prix \u2013&nbsp;<strong>architect Hindrek Kesler<\/strong>.<\/li>\n\n\n\n<li>The Concrete Building of the Year 2005 \u2013&nbsp;<strong>office building for TTP<\/strong>. Grand Prix \u2013&nbsp;<strong>architect Meelis Press<\/strong>.<\/li>\n\n\n\n<li>The Concrete Building of the Year 2004 \u2013&nbsp;<strong>\u00dclemiste Hotel<\/strong>. Grand Prix \u2013&nbsp;<strong>architect Martin Aunin<\/strong>.<\/li>\n\n\n\n<li>The Concrete Building of the Year 2003 \u2013&nbsp;<strong>villa in Viimsi<\/strong>. Grand Prix \u2013&nbsp;<strong>Architectural Bureau Emil Urbel<\/strong>.<\/li>\n\n\n\n<li>The Concrete Building of the Year 2002 \u2013&nbsp;<strong>Tartu Prison<\/strong>. Grand Prix \u2013&nbsp;<strong>Architectural Bureau Kalle R\u00f5\u00f5mus AS<\/strong>.<\/li>\n\n\n\n<li>The Concrete Building of the Year 2001 \u2013&nbsp;<strong>terminal in &nbsp;Muuga<\/strong>. Grand Prix \u2013 engineer&nbsp;<strong>Randv\u00e4li ja Karema AS<\/strong>.<\/li>\n\n\n\n<li>The Concrete Building of the Year 2000 \u2013&nbsp;<strong>Rocca al Mare School<\/strong>. Grand Prix \u2013&nbsp;<strong>Architectural Bureau Urbel ja Peil<\/strong>.<\/li>\n<\/ul>\n\n\n\n<p><a href=\"https:\/\/betoon.org\/aasta-betoonehitis\/voidutoode-galerii\/\">V\u00f5idut\u00f6\u00f6de galerii<\/a><\/p>\n","protected":false},"excerpt":{"rendered":"<p>V\u00f5idut\u00f6\u00f6de galerii<\/p>\n","protected":false},"author":1,"featured_media":0,"parent":10314,"menu_order":0,"comment_status":"closed","ping_status":"closed","template":"template-aasta-betoon-subpage.php","meta":{"footnotes":""},"class_list":["post-10559","page","type-page","status-publish","hentry"],"acf":[],"yoast_head":"<!-- This site is optimized with the Yoast SEO plugin v21.9 - https:\/\/yoast.com\/wordpress\/plugins\/seo\/ -->\n<title>History - Eesti Betooni\u00fching<\/title>\n<meta name=\"robots\" content=\"index, follow, max-snippet:-1, max-image-preview:large, max-video-preview:-1\" \/>\n<link rel=\"canonical\" href=\"https:\/\/betoon.org\/en\/aasta-betoonehitis\/history\/\" \/>\n<meta property=\"og:locale\" content=\"en_US\" \/>\n<meta property=\"og:type\" content=\"article\" \/>\n<meta property=\"og:title\" content=\"History - Eesti Betooni\u00fching\" \/>\n<meta property=\"og:description\" content=\"V\u00f5idut\u00f6\u00f6de galerii\" \/>\n<meta property=\"og:url\" content=\"https:\/\/betoon.org\/en\/aasta-betoonehitis\/history\/\" \/>\n<meta property=\"og:site_name\" content=\"Eesti Betooni\u00fching\" \/>\n<meta property=\"article:publisher\" content=\"https:\/\/www.facebook.com\/betoon.org\/\" \/>\n<meta property=\"article:modified_time\" content=\"2024-09-30T10:05:47+00:00\" \/>\n<meta name=\"twitter:card\" content=\"summary_large_image\" \/>\n<meta name=\"twitter:label1\" content=\"Est. reading time\" \/>\n\t<meta name=\"twitter:data1\" content=\"3 minutes\" \/>\n<script type=\"application\/ld+json\" class=\"yoast-schema-graph\">{\"@context\":\"https:\/\/schema.org\",\"@graph\":[{\"@type\":\"WebPage\",\"@id\":\"https:\/\/betoon.org\/en\/aasta-betoonehitis\/history\/\",\"url\":\"https:\/\/betoon.org\/en\/aasta-betoonehitis\/history\/\",\"name\":\"History - Eesti Betooni\u00fching\",\"isPartOf\":{\"@id\":\"https:\/\/betoon.org\/#website\"},\"datePublished\":\"2023-12-18T00:46:34+00:00\",\"dateModified\":\"2024-09-30T10:05:47+00:00\",\"breadcrumb\":{\"@id\":\"https:\/\/betoon.org\/en\/aasta-betoonehitis\/history\/#breadcrumb\"},\"inLanguage\":\"en-US\",\"potentialAction\":[{\"@type\":\"ReadAction\",\"target\":[\"https:\/\/betoon.org\/en\/aasta-betoonehitis\/history\/\"]}]},{\"@type\":\"BreadcrumbList\",\"@id\":\"https:\/\/betoon.org\/en\/aasta-betoonehitis\/history\/#breadcrumb\",\"itemListElement\":[{\"@type\":\"ListItem\",\"position\":1,\"name\":\"Home\",\"item\":\"https:\/\/betoon.org\/en\/\"},{\"@type\":\"ListItem\",\"position\":2,\"name\":\"Estonian concrete building award\",\"item\":\"https:\/\/betoon.org\/en\/aasta-betoonehitis\/\"},{\"@type\":\"ListItem\",\"position\":3,\"name\":\"History\"}]},{\"@type\":\"WebSite\",\"@id\":\"https:\/\/betoon.org\/#website\",\"url\":\"https:\/\/betoon.org\/\",\"name\":\"Eesti Betooni\u00fching\",\"description\":\"\",\"publisher\":{\"@id\":\"https:\/\/betoon.org\/#organization\"},\"potentialAction\":[{\"@type\":\"SearchAction\",\"target\":{\"@type\":\"EntryPoint\",\"urlTemplate\":\"https:\/\/betoon.org\/?s={search_term_string}\"},\"query-input\":\"required name=search_term_string\"}],\"inLanguage\":\"en-US\"},{\"@type\":\"Organization\",\"@id\":\"https:\/\/betoon.org\/#organization\",\"name\":\"Eesti Betooni\u00fching\",\"url\":\"https:\/\/betoon.org\/\",\"logo\":{\"@type\":\"ImageObject\",\"inLanguage\":\"en-US\",\"@id\":\"https:\/\/betoon.org\/#\/schema\/logo\/image\/\",\"url\":\"https:\/\/betoon.org\/wp-content\/uploads\/2023\/10\/bu_logo.gif\",\"contentUrl\":\"https:\/\/betoon.org\/wp-content\/uploads\/2023\/10\/bu_logo.gif\",\"width\":323,\"height\":77,\"caption\":\"Eesti Betooni\u00fching\"},\"image\":{\"@id\":\"https:\/\/betoon.org\/#\/schema\/logo\/image\/\"},\"sameAs\":[\"https:\/\/www.facebook.com\/betoon.org\/\"]}]}<\/script>\n<!-- \/ Yoast SEO plugin. -->","yoast_head_json":{"title":"History - Eesti Betooni\u00fching","robots":{"index":"index","follow":"follow","max-snippet":"max-snippet:-1","max-image-preview":"max-image-preview:large","max-video-preview":"max-video-preview:-1"},"canonical":"https:\/\/betoon.org\/en\/aasta-betoonehitis\/history\/","og_locale":"en_US","og_type":"article","og_title":"History - Eesti Betooni\u00fching","og_description":"V\u00f5idut\u00f6\u00f6de galerii","og_url":"https:\/\/betoon.org\/en\/aasta-betoonehitis\/history\/","og_site_name":"Eesti Betooni\u00fching","article_publisher":"https:\/\/www.facebook.com\/betoon.org\/","article_modified_time":"2024-09-30T10:05:47+00:00","twitter_card":"summary_large_image","twitter_misc":{"Est. reading time":"3 minutes"},"schema":{"@context":"https:\/\/schema.org","@graph":[{"@type":"WebPage","@id":"https:\/\/betoon.org\/en\/aasta-betoonehitis\/history\/","url":"https:\/\/betoon.org\/en\/aasta-betoonehitis\/history\/","name":"History - Eesti Betooni\u00fching","isPartOf":{"@id":"https:\/\/betoon.org\/#website"},"datePublished":"2023-12-18T00:46:34+00:00","dateModified":"2024-09-30T10:05:47+00:00","breadcrumb":{"@id":"https:\/\/betoon.org\/en\/aasta-betoonehitis\/history\/#breadcrumb"},"inLanguage":"en-US","potentialAction":[{"@type":"ReadAction","target":["https:\/\/betoon.org\/en\/aasta-betoonehitis\/history\/"]}]},{"@type":"BreadcrumbList","@id":"https:\/\/betoon.org\/en\/aasta-betoonehitis\/history\/#breadcrumb","itemListElement":[{"@type":"ListItem","position":1,"name":"Home","item":"https:\/\/betoon.org\/en\/"},{"@type":"ListItem","position":2,"name":"Estonian concrete building award","item":"https:\/\/betoon.org\/en\/aasta-betoonehitis\/"},{"@type":"ListItem","position":3,"name":"History"}]},{"@type":"WebSite","@id":"https:\/\/betoon.org\/#website","url":"https:\/\/betoon.org\/","name":"Eesti Betooni\u00fching","description":"","publisher":{"@id":"https:\/\/betoon.org\/#organization"},"potentialAction":[{"@type":"SearchAction","target":{"@type":"EntryPoint","urlTemplate":"https:\/\/betoon.org\/?s={search_term_string}"},"query-input":"required name=search_term_string"}],"inLanguage":"en-US"},{"@type":"Organization","@id":"https:\/\/betoon.org\/#organization","name":"Eesti Betooni\u00fching","url":"https:\/\/betoon.org\/","logo":{"@type":"ImageObject","inLanguage":"en-US","@id":"https:\/\/betoon.org\/#\/schema\/logo\/image\/","url":"https:\/\/betoon.org\/wp-content\/uploads\/2023\/10\/bu_logo.gif","contentUrl":"https:\/\/betoon.org\/wp-content\/uploads\/2023\/10\/bu_logo.gif","width":323,"height":77,"caption":"Eesti Betooni\u00fching"},"image":{"@id":"https:\/\/betoon.org\/#\/schema\/logo\/image\/"},"sameAs":["https:\/\/www.facebook.com\/betoon.org\/"]}]}},"_links":{"self":[{"href":"https:\/\/betoon.org\/en\/wp-json\/wp\/v2\/pages\/10559","targetHints":{"allow":["GET"]}}],"collection":[{"href":"https:\/\/betoon.org\/en\/wp-json\/wp\/v2\/pages"}],"about":[{"href":"https:\/\/betoon.org\/en\/wp-json\/wp\/v2\/types\/page"}],"author":[{"embeddable":true,"href":"https:\/\/betoon.org\/en\/wp-json\/wp\/v2\/users\/1"}],"replies":[{"embeddable":true,"href":"https:\/\/betoon.org\/en\/wp-json\/wp\/v2\/comments?post=10559"}],"version-history":[{"count":4,"href":"https:\/\/betoon.org\/en\/wp-json\/wp\/v2\/pages\/10559\/revisions"}],"predecessor-version":[{"id":12874,"href":"https:\/\/betoon.org\/en\/wp-json\/wp\/v2\/pages\/10559\/revisions\/12874"}],"up":[{"embeddable":true,"href":"https:\/\/betoon.org\/en\/wp-json\/wp\/v2\/pages\/10314"}],"wp:attachment":[{"href":"https:\/\/betoon.org\/en\/wp-json\/wp\/v2\/media?parent=10559"}],"curies":[{"name":"wp","href":"https:\/\/api.w.org\/{rel}","templated":true}]}}