{"id":10131,"date":"2023-10-21T11:12:32","date_gmt":"2023-10-21T11:12:32","guid":{"rendered":"https:\/\/betoon.org\/avaleht\/"},"modified":"2023-11-06T21:25:08","modified_gmt":"2023-11-06T21:25:08","slug":"avaleht","status":"publish","type":"page","link":"https:\/\/betoon.org\/ru\/avaleht\/","title":{"rendered":"Avaleht"},"content":{"rendered":"\n<h2 class=\"wp-block-heading\">\u00dchingust<\/h2>\n\n\n\n<p>Betooni\u00fchingu p\u00f5hieesm\u00e4rgiks on betooni kui materjali maine t\u00f5stmine avalikkuse silmis, betooni kui ehitusmaterjali k\u00f5ige mitmekesisemate kasutusv\u00f5imaluste laialdane propageerimine ning tutvustamine.<\/p>\n\n\n\n<h4 class=\"wp-block-heading\">Eesm\u00e4rgid<\/h4>\n\n\n\n<ul class=\"wp-block-list\">\n<li>Betooni kui ehitusmaterjali turuosa kasv soodsamate ja funktsionaalsemate lahenduste leidmise ning hea kvaliteedi saavutamise kaudu.<\/li>\n\n\n\n<li>Betooni ja betoonkonstruktsioonide alase teabe levitamine ja arendust\u00f6\u00f6 toetamine.<\/li>\n\n\n\n<li>Raudbetoonkonstruktsioonide ja raudbetooni komponentmaterjalide uurimisega, projekteerimise ja tootmise-ehitamisega seotud spetsalistide professionaalsuse t\u00f5stmine.<\/li>\n<\/ul>\n","protected":false},"excerpt":{"rendered":"<p>\u00dchingust Betooni\u00fchingu p\u00f5hieesm\u00e4rgiks on betooni kui materjali maine t\u00f5stmine avalikkuse silmis, betooni kui ehitusmaterjali k\u00f5ige mitmekesisemate kasutusv\u00f5imaluste laialdane propageerimine ning [&hellip;]<\/p>\n","protected":false},"author":1,"featured_media":7376,"parent":0,"menu_order":0,"comment_status":"closed","ping_status":"closed","template":"template-frontpage.php","meta":{"footnotes":""},"class_list":["post-10131","page","type-page","status-publish","has-post-thumbnail","hentry"],"acf":[],"yoast_head":"<!-- This site is optimized with the Yoast SEO plugin v21.9 - https:\/\/yoast.com\/wordpress\/plugins\/seo\/ -->\n<title>Avaleht - Eesti Betooni\u00fching<\/title>\n<meta name=\"robots\" content=\"index, follow, max-snippet:-1, max-image-preview:large, max-video-preview:-1\" \/>\n<link rel=\"canonical\" href=\"https:\/\/betoon.org\/ru\/\" \/>\n<meta property=\"og:locale\" content=\"ru_RU\" \/>\n<meta property=\"og:type\" content=\"article\" \/>\n<meta property=\"og:title\" content=\"Avaleht - Eesti Betooni\u00fching\" \/>\n<meta property=\"og:description\" content=\"\u00dchingust Betooni\u00fchingu p\u00f5hieesm\u00e4rgiks on betooni kui materjali maine t\u00f5stmine avalikkuse silmis, betooni kui ehitusmaterjali k\u00f5ige mitmekesisemate kasutusv\u00f5imaluste laialdane propageerimine ning [&hellip;]\" \/>\n<meta property=\"og:url\" content=\"https:\/\/betoon.org\/ru\/\" \/>\n<meta property=\"og:site_name\" content=\"Eesti Betooni\u00fching\" \/>\n<meta property=\"article:publisher\" content=\"https:\/\/www.facebook.com\/betoon.org\/\" \/>\n<meta property=\"article:modified_time\" content=\"2023-11-06T21:25:08+00:00\" \/>\n<meta property=\"og:image\" content=\"https:\/\/betoon.org\/wp-content\/uploads\/2023\/10\/homepage-main-image.jpg\" \/>\n\t<meta property=\"og:image:width\" content=\"622\" \/>\n\t<meta property=\"og:image:height\" content=\"780\" \/>\n\t<meta property=\"og:image:type\" content=\"image\/jpeg\" \/>\n<meta name=\"twitter:card\" content=\"summary_large_image\" \/>\n<meta name=\"twitter:label1\" content=\"\u041f\u0440\u0438\u043c\u0435\u0440\u043d\u043e\u0435 \u0432\u0440\u0435\u043c\u044f \u0434\u043b\u044f \u0447\u0442\u0435\u043d\u0438\u044f\" \/>\n\t<meta name=\"twitter:data1\" content=\"1 \u043c\u0438\u043d\u0443\u0442\u0430\" \/>\n<script type=\"application\/ld+json\" class=\"yoast-schema-graph\">{\"@context\":\"https:\/\/schema.org\",\"@graph\":[{\"@type\":\"WebPage\",\"@id\":\"https:\/\/betoon.org\/ru\/\",\"url\":\"https:\/\/betoon.org\/ru\/\",\"name\":\"Avaleht - Eesti Betooni\u00fching\",\"isPartOf\":{\"@id\":\"https:\/\/betoon.org\/#website\"},\"datePublished\":\"2023-10-21T11:12:32+00:00\",\"dateModified\":\"2023-11-06T21:25:08+00:00\",\"breadcrumb\":{\"@id\":\"https:\/\/betoon.org\/ru\/#breadcrumb\"},\"inLanguage\":\"ru-RU\",\"potentialAction\":[{\"@type\":\"ReadAction\",\"target\":[\"https:\/\/betoon.org\/ru\/\"]}]},{\"@type\":\"BreadcrumbList\",\"@id\":\"https:\/\/betoon.org\/ru\/#breadcrumb\",\"itemListElement\":[{\"@type\":\"ListItem\",\"position\":1,\"name\":\"\u0413\u043b\u0430\u0432\u043d\u0430\u044f\",\"item\":\"https:\/\/betoon.org\/ru\/\"},{\"@type\":\"ListItem\",\"position\":2,\"name\":\"Avaleht\"}]},{\"@type\":\"WebSite\",\"@id\":\"https:\/\/betoon.org\/#website\",\"url\":\"https:\/\/betoon.org\/\",\"name\":\"Eesti Betooni\u00fching\",\"description\":\"\",\"publisher\":{\"@id\":\"https:\/\/betoon.org\/#organization\"},\"potentialAction\":[{\"@type\":\"SearchAction\",\"target\":{\"@type\":\"EntryPoint\",\"urlTemplate\":\"https:\/\/betoon.org\/?s={search_term_string}\"},\"query-input\":\"required name=search_term_string\"}],\"inLanguage\":\"ru-RU\"},{\"@type\":\"Organization\",\"@id\":\"https:\/\/betoon.org\/#organization\",\"name\":\"Eesti Betooni\u00fching\",\"url\":\"https:\/\/betoon.org\/\",\"logo\":{\"@type\":\"ImageObject\",\"inLanguage\":\"ru-RU\",\"@id\":\"https:\/\/betoon.org\/#\/schema\/logo\/image\/\",\"url\":\"https:\/\/betoon.org\/wp-content\/uploads\/2023\/10\/bu_logo.gif\",\"contentUrl\":\"https:\/\/betoon.org\/wp-content\/uploads\/2023\/10\/bu_logo.gif\",\"width\":323,\"height\":77,\"caption\":\"Eesti Betooni\u00fching\"},\"image\":{\"@id\":\"https:\/\/betoon.org\/#\/schema\/logo\/image\/\"},\"sameAs\":[\"https:\/\/www.facebook.com\/betoon.org\/\"]}]}<\/script>\n<!-- \/ Yoast SEO plugin. -->","yoast_head_json":{"title":"Avaleht - Eesti Betooni\u00fching","robots":{"index":"index","follow":"follow","max-snippet":"max-snippet:-1","max-image-preview":"max-image-preview:large","max-video-preview":"max-video-preview:-1"},"canonical":"https:\/\/betoon.org\/ru\/","og_locale":"ru_RU","og_type":"article","og_title":"Avaleht - Eesti Betooni\u00fching","og_description":"\u00dchingust Betooni\u00fchingu p\u00f5hieesm\u00e4rgiks on betooni kui materjali maine t\u00f5stmine avalikkuse silmis, betooni kui ehitusmaterjali k\u00f5ige mitmekesisemate kasutusv\u00f5imaluste laialdane propageerimine ning [&hellip;]","og_url":"https:\/\/betoon.org\/ru\/","og_site_name":"Eesti Betooni\u00fching","article_publisher":"https:\/\/www.facebook.com\/betoon.org\/","article_modified_time":"2023-11-06T21:25:08+00:00","og_image":[{"width":622,"height":780,"url":"https:\/\/betoon.org\/wp-content\/uploads\/2023\/10\/homepage-main-image.jpg","type":"image\/jpeg"}],"twitter_card":"summary_large_image","twitter_misc":{"\u041f\u0440\u0438\u043c\u0435\u0440\u043d\u043e\u0435 \u0432\u0440\u0435\u043c\u044f \u0434\u043b\u044f \u0447\u0442\u0435\u043d\u0438\u044f":"1 \u043c\u0438\u043d\u0443\u0442\u0430"},"schema":{"@context":"https:\/\/schema.org","@graph":[{"@type":"WebPage","@id":"https:\/\/betoon.org\/ru\/","url":"https:\/\/betoon.org\/ru\/","name":"Avaleht - Eesti Betooni\u00fching","isPartOf":{"@id":"https:\/\/betoon.org\/#website"},"datePublished":"2023-10-21T11:12:32+00:00","dateModified":"2023-11-06T21:25:08+00:00","breadcrumb":{"@id":"https:\/\/betoon.org\/ru\/#breadcrumb"},"inLanguage":"ru-RU","potentialAction":[{"@type":"ReadAction","target":["https:\/\/betoon.org\/ru\/"]}]},{"@type":"BreadcrumbList","@id":"https:\/\/betoon.org\/ru\/#breadcrumb","itemListElement":[{"@type":"ListItem","position":1,"name":"\u0413\u043b\u0430\u0432\u043d\u0430\u044f","item":"https:\/\/betoon.org\/ru\/"},{"@type":"ListItem","position":2,"name":"Avaleht"}]},{"@type":"WebSite","@id":"https:\/\/betoon.org\/#website","url":"https:\/\/betoon.org\/","name":"Eesti Betooni\u00fching","description":"","publisher":{"@id":"https:\/\/betoon.org\/#organization"},"potentialAction":[{"@type":"SearchAction","target":{"@type":"EntryPoint","urlTemplate":"https:\/\/betoon.org\/?s={search_term_string}"},"query-input":"required name=search_term_string"}],"inLanguage":"ru-RU"},{"@type":"Organization","@id":"https:\/\/betoon.org\/#organization","name":"Eesti Betooni\u00fching","url":"https:\/\/betoon.org\/","logo":{"@type":"ImageObject","inLanguage":"ru-RU","@id":"https:\/\/betoon.org\/#\/schema\/logo\/image\/","url":"https:\/\/betoon.org\/wp-content\/uploads\/2023\/10\/bu_logo.gif","contentUrl":"https:\/\/betoon.org\/wp-content\/uploads\/2023\/10\/bu_logo.gif","width":323,"height":77,"caption":"Eesti Betooni\u00fching"},"image":{"@id":"https:\/\/betoon.org\/#\/schema\/logo\/image\/"},"sameAs":["https:\/\/www.facebook.com\/betoon.org\/"]}]}},"_links":{"self":[{"href":"https:\/\/betoon.org\/ru\/wp-json\/wp\/v2\/pages\/10131","targetHints":{"allow":["GET"]}}],"collection":[{"href":"https:\/\/betoon.org\/ru\/wp-json\/wp\/v2\/pages"}],"about":[{"href":"https:\/\/betoon.org\/ru\/wp-json\/wp\/v2\/types\/page"}],"author":[{"embeddable":true,"href":"https:\/\/betoon.org\/ru\/wp-json\/wp\/v2\/users\/1"}],"replies":[{"embeddable":true,"href":"https:\/\/betoon.org\/ru\/wp-json\/wp\/v2\/comments?post=10131"}],"version-history":[{"count":2,"href":"https:\/\/betoon.org\/ru\/wp-json\/wp\/v2\/pages\/10131\/revisions"}],"predecessor-version":[{"id":10148,"href":"https:\/\/betoon.org\/ru\/wp-json\/wp\/v2\/pages\/10131\/revisions\/10148"}],"wp:featuredmedia":[{"embeddable":true,"href":"https:\/\/betoon.org\/ru\/wp-json\/wp\/v2\/media\/7376"}],"wp:attachment":[{"href":"https:\/\/betoon.org\/ru\/wp-json\/wp\/v2\/media?parent=10131"}],"curies":[{"name":"wp","href":"https:\/\/api.w.org\/{rel}","templated":true}]}}